{"id":41,"date":"2019-05-05T19:22:33","date_gmt":"2019-05-05T17:22:33","guid":{"rendered":"http:\/\/transportsvaletjoille.fr\/?page_id=41"},"modified":"2025-10-02T14:16:07","modified_gmt":"2025-10-02T12:16:07","slug":"emploi","status":"publish","type":"page","link":"https:\/\/transportsvaletjoille.fr\/?page_id=41","title":{"rendered":"EMPLOI"},"content":{"rendered":"\n<p><strong>Rejoignez notre \u00e9quipe !<\/strong><\/p>\n\n\n\n<p><br>Nous sommes <strong>constamment \u00e0 la recherche de chauffeurs SPL<\/strong> motiv\u00e9s et s\u00e9rieux, r\u00e9sidant dans le secteur d\u2019\u00c9paignes (27).<\/p>\n\n\n\n<p>Vous souhaitez int\u00e9grer une entreprise familiale, dynamique et sp\u00e9cialis\u00e9e dans le transport de conteneurs maritimes depuis 1977 ?<\/p>\n\n\n\n<p>N\u2019h\u00e9sitez pas \u00e0 nous contacter d\u00e8s aujourd\u2019hui pour en savoir plus sur nos opportunit\u00e9s d\u2019emploi.<\/p>\n\n\n\n<p>\ud83d\udcde Contact : contact@transportsvaletjoille.fr<br><\/p>\n","protected":false},"excerpt":{"rendered":"<p>Rejoignez notre \u00e9quipe ! Nous sommes constamment \u00e0 la recherche de chauffeurs SPL motiv\u00e9s et s\u00e9rieux, r\u00e9sidant dans le secteur d\u2019\u00c9paignes (27). Vous souhaitez int\u00e9grer une entreprise familiale, dynamique et sp\u00e9cialis\u00e9e dans le transport de conteneurs maritimes depuis 1977 ? N\u2019h\u00e9sitez pas \u00e0 nous contacter d\u00e8s aujourd\u2019hui pour en savoir plus sur nos opportunit\u00e9s d\u2019emploi.&hellip; <br \/> <a class=\"read-more\" href=\"https:\/\/transportsvaletjoille.fr\/?page_id=41\">Lire la suite<\/a><\/p>\n","protected":false},"author":1,"featured_media":0,"parent":0,"menu_order":0,"comment_status":"closed","ping_status":"closed","template":"","meta":{"_monsterinsights_skip_tracking":false,"_monsterinsights_sitenote_active":false,"_monsterinsights_sitenote_note":"","_monsterinsights_sitenote_category":0,"footnotes":""},"class_list":["post-41","page","type-page","status-publish","hentry"],"yoast_head":"<!-- This site is optimized with the Yoast SEO plugin v24.6 - https:\/\/yoast.com\/wordpress\/plugins\/seo\/ -->\n<title>EMPLOI - Transports Valet Joille - Le Havre<\/title>\n<meta name=\"description\" content=\"Nous recherchons des conducteurs SPL dans le secteur d&#039;epaignes dans le 27 ou de pont audemer dans le 27.\" \/>\n<meta name=\"robots\" content=\"index, follow, max-snippet:-1, max-image-preview:large, max-video-preview:-1\" \/>\n<link rel=\"canonical\" href=\"https:\/\/transportsvaletjoille.fr\/?page_id=41\" \/>\n<meta property=\"og:locale\" content=\"fr_FR\" \/>\n<meta property=\"og:type\" content=\"article\" \/>\n<meta property=\"og:title\" content=\"EMPLOI - Transports Valet Joille - Le Havre\" \/>\n<meta property=\"og:description\" content=\"Nous recherchons des conducteurs SPL dans le secteur d&#039;epaignes dans le 27 ou de pont audemer dans le 27.\" \/>\n<meta property=\"og:url\" content=\"https:\/\/transportsvaletjoille.fr\/?page_id=41\" \/>\n<meta property=\"og:site_name\" content=\"Transports Valet Joille - Le Havre\" \/>\n<meta property=\"article:modified_time\" content=\"2025-10-02T12:16:07+00:00\" \/>\n<meta name=\"twitter:card\" content=\"summary_large_image\" \/>\n<meta name=\"twitter:label1\" content=\"Dur\u00e9e de lecture estim\u00e9e\" \/>\n\t<meta name=\"twitter:data1\" content=\"1 minute\" \/>\n<script type=\"application\/ld+json\" class=\"yoast-schema-graph\">{\"@context\":\"https:\/\/schema.org\",\"@graph\":[{\"@type\":\"WebPage\",\"@id\":\"https:\/\/transportsvaletjoille.fr\/?page_id=41\",\"url\":\"https:\/\/transportsvaletjoille.fr\/?page_id=41\",\"name\":\"EMPLOI - Transports Valet Joille - Le Havre\",\"isPartOf\":{\"@id\":\"https:\/\/transportsvaletjoille.fr\/#website\"},\"datePublished\":\"2019-05-05T17:22:33+00:00\",\"dateModified\":\"2025-10-02T12:16:07+00:00\",\"description\":\"Nous recherchons des conducteurs SPL dans le secteur d'epaignes dans le 27 ou de pont audemer dans le 27.\",\"breadcrumb\":{\"@id\":\"https:\/\/transportsvaletjoille.fr\/?page_id=41#breadcrumb\"},\"inLanguage\":\"fr-FR\",\"potentialAction\":[{\"@type\":\"ReadAction\",\"target\":[\"https:\/\/transportsvaletjoille.fr\/?page_id=41\"]}]},{\"@type\":\"BreadcrumbList\",\"@id\":\"https:\/\/transportsvaletjoille.fr\/?page_id=41#breadcrumb\",\"itemListElement\":[{\"@type\":\"ListItem\",\"position\":1,\"name\":\"Accueil\",\"item\":\"https:\/\/transportsvaletjoille.fr\/\"},{\"@type\":\"ListItem\",\"position\":2,\"name\":\"EMPLOI\"}]},{\"@type\":\"WebSite\",\"@id\":\"https:\/\/transportsvaletjoille.fr\/#website\",\"url\":\"https:\/\/transportsvaletjoille.fr\/\",\"name\":\"Transports Valet Joille - Le Havre\",\"description\":\"Transport de conteneurs maritimes\",\"publisher\":{\"@id\":\"https:\/\/transportsvaletjoille.fr\/#organization\"},\"potentialAction\":[{\"@type\":\"SearchAction\",\"target\":{\"@type\":\"EntryPoint\",\"urlTemplate\":\"https:\/\/transportsvaletjoille.fr\/?s={search_term_string}\"},\"query-input\":{\"@type\":\"PropertyValueSpecification\",\"valueRequired\":true,\"valueName\":\"search_term_string\"}}],\"inLanguage\":\"fr-FR\"},{\"@type\":\"Organization\",\"@id\":\"https:\/\/transportsvaletjoille.fr\/#organization\",\"name\":\"Transports Valet Joille\",\"url\":\"https:\/\/transportsvaletjoille.fr\/\",\"logo\":{\"@type\":\"ImageObject\",\"inLanguage\":\"fr-FR\",\"@id\":\"https:\/\/transportsvaletjoille.fr\/#\/schema\/logo\/image\/\",\"url\":\"https:\/\/transportsvaletjoille.fr\/wp-content\/uploads\/2019\/07\/LOGO-VJ-LAST-LAST-09.07-v2.png\",\"contentUrl\":\"https:\/\/transportsvaletjoille.fr\/wp-content\/uploads\/2019\/07\/LOGO-VJ-LAST-LAST-09.07-v2.png\",\"width\":1280,\"height\":385,\"caption\":\"Transports Valet Joille\"},\"image\":{\"@id\":\"https:\/\/transportsvaletjoille.fr\/#\/schema\/logo\/image\/\"}}]}<\/script>\n<!-- \/ Yoast SEO plugin. -->","yoast_head_json":{"title":"EMPLOI - Transports Valet Joille - Le Havre","description":"Nous recherchons des conducteurs SPL dans le secteur d'epaignes dans le 27 ou de pont audemer dans le 27.","robots":{"index":"index","follow":"follow","max-snippet":"max-snippet:-1","max-image-preview":"max-image-preview:large","max-video-preview":"max-video-preview:-1"},"canonical":"https:\/\/transportsvaletjoille.fr\/?page_id=41","og_locale":"fr_FR","og_type":"article","og_title":"EMPLOI - Transports Valet Joille - Le Havre","og_description":"Nous recherchons des conducteurs SPL dans le secteur d'epaignes dans le 27 ou de pont audemer dans le 27.","og_url":"https:\/\/transportsvaletjoille.fr\/?page_id=41","og_site_name":"Transports Valet Joille - Le Havre","article_modified_time":"2025-10-02T12:16:07+00:00","twitter_card":"summary_large_image","twitter_misc":{"Dur\u00e9e de lecture estim\u00e9e":"1 minute"},"schema":{"@context":"https:\/\/schema.org","@graph":[{"@type":"WebPage","@id":"https:\/\/transportsvaletjoille.fr\/?page_id=41","url":"https:\/\/transportsvaletjoille.fr\/?page_id=41","name":"EMPLOI - Transports Valet Joille - Le Havre","isPartOf":{"@id":"https:\/\/transportsvaletjoille.fr\/#website"},"datePublished":"2019-05-05T17:22:33+00:00","dateModified":"2025-10-02T12:16:07+00:00","description":"Nous recherchons des conducteurs SPL dans le secteur d'epaignes dans le 27 ou de pont audemer dans le 27.","breadcrumb":{"@id":"https:\/\/transportsvaletjoille.fr\/?page_id=41#breadcrumb"},"inLanguage":"fr-FR","potentialAction":[{"@type":"ReadAction","target":["https:\/\/transportsvaletjoille.fr\/?page_id=41"]}]},{"@type":"BreadcrumbList","@id":"https:\/\/transportsvaletjoille.fr\/?page_id=41#breadcrumb","itemListElement":[{"@type":"ListItem","position":1,"name":"Accueil","item":"https:\/\/transportsvaletjoille.fr\/"},{"@type":"ListItem","position":2,"name":"EMPLOI"}]},{"@type":"WebSite","@id":"https:\/\/transportsvaletjoille.fr\/#website","url":"https:\/\/transportsvaletjoille.fr\/","name":"Transports Valet Joille - Le Havre","description":"Transport de conteneurs maritimes","publisher":{"@id":"https:\/\/transportsvaletjoille.fr\/#organization"},"potentialAction":[{"@type":"SearchAction","target":{"@type":"EntryPoint","urlTemplate":"https:\/\/transportsvaletjoille.fr\/?s={search_term_string}"},"query-input":{"@type":"PropertyValueSpecification","valueRequired":true,"valueName":"search_term_string"}}],"inLanguage":"fr-FR"},{"@type":"Organization","@id":"https:\/\/transportsvaletjoille.fr\/#organization","name":"Transports Valet Joille","url":"https:\/\/transportsvaletjoille.fr\/","logo":{"@type":"ImageObject","inLanguage":"fr-FR","@id":"https:\/\/transportsvaletjoille.fr\/#\/schema\/logo\/image\/","url":"https:\/\/transportsvaletjoille.fr\/wp-content\/uploads\/2019\/07\/LOGO-VJ-LAST-LAST-09.07-v2.png","contentUrl":"https:\/\/transportsvaletjoille.fr\/wp-content\/uploads\/2019\/07\/LOGO-VJ-LAST-LAST-09.07-v2.png","width":1280,"height":385,"caption":"Transports Valet Joille"},"image":{"@id":"https:\/\/transportsvaletjoille.fr\/#\/schema\/logo\/image\/"}}]}},"_links":{"self":[{"href":"https:\/\/transportsvaletjoille.fr\/index.php?rest_route=\/wp\/v2\/pages\/41","targetHints":{"allow":["GET"]}}],"collection":[{"href":"https:\/\/transportsvaletjoille.fr\/index.php?rest_route=\/wp\/v2\/pages"}],"about":[{"href":"https:\/\/transportsvaletjoille.fr\/index.php?rest_route=\/wp\/v2\/types\/page"}],"author":[{"embeddable":true,"href":"https:\/\/transportsvaletjoille.fr\/index.php?rest_route=\/wp\/v2\/users\/1"}],"replies":[{"embeddable":true,"href":"https:\/\/transportsvaletjoille.fr\/index.php?rest_route=%2Fwp%2Fv2%2Fcomments&post=41"}],"version-history":[{"count":2,"href":"https:\/\/transportsvaletjoille.fr\/index.php?rest_route=\/wp\/v2\/pages\/41\/revisions"}],"predecessor-version":[{"id":488,"href":"https:\/\/transportsvaletjoille.fr\/index.php?rest_route=\/wp\/v2\/pages\/41\/revisions\/488"}],"wp:attachment":[{"href":"https:\/\/transportsvaletjoille.fr\/index.php?rest_route=%2Fwp%2Fv2%2Fmedia&parent=41"}],"curies":[{"name":"wp","href":"https:\/\/api.w.org\/{rel}","templated":true}]}}