{"id":39,"date":"2019-05-05T19:22:33","date_gmt":"2019-05-05T17:22:33","guid":{"rendered":"http:\/\/transportsvaletjoille.fr\/?page_id=39"},"modified":"2025-03-10T13:57:32","modified_gmt":"2025-03-10T12:57:32","slug":"nos-services","status":"publish","type":"page","link":"https:\/\/transportsvaletjoille.fr\/?page_id=39","title":{"rendered":"NOS SERVICES"},"content":{"rendered":"\t\t<div class=\"wpsm_service_b_row\" id=\"wpsm_service_b_row_71\">\r\n\t\t\t<div class=\"wpsm_row\"> \r\n<style>\r\n.wpsm_row{\r\n\toverflow:hidden;\r\n\tdisplay:block;\r\n\twidth:100%;\r\n}\r\n.wpsm_service_b_row{ \r\n\toverflow:hidden;\r\n\tdisplay:block;\r\n\twidth:100%;\r\n\tborder:0px solid #ddd;\r\n\tmargin-bottom:20px;\r\n}\r\n #wpsm_service_b_row_71 .wpsm_serviceBox{\r\n\tpadding:30px 0 ;\r\n\tmargin-bottom:20px;\r\n}\r\n#wpsm_service_b_row_71 .wpsm_serviceBox .wpsm_service-icon{\r\n\tbackground:#dddddd !important;\r\n\theight: 70px;\r\n\twidth: 70px;\r\n\tborder-radius:50% !important;\r\n\ttext-align: center !important;\r\n\tfloat: left !important;\r\n}\r\n\r\n#wpsm_service_b_row_71 .wpsm_serviceBox .wpsm_service-icon i{\r\n\tfont-size:30px !important;\r\n\tcolor: #636363 !important;\r\n\tline-height: 70px;\r\n}\r\n   \r\n#wpsm_service_b_row_71 .wpsm_serviceBox .wpsm_service-content {\r\n\tmargin-left: 95px;\r\n}\r\n#wpsm_service_b_row_71 .wpsm_serviceBox .wpsm_service-content h3{\r\n\tcolor: #000000 !important;\r\n\tfont-size: 22px !important;\r\n\tfont-weight: 600;\r\n\t\tfont-family:'Open Sans' !important;\r\n\t\tmargin-top: 0;\r\n\tclear:inherit !important;\r\n\tline-height:1.4 !important;\r\n\tmargin-bottom:0px !important;\r\n\t\r\n}\r\n#wpsm_service_b_row_71 .wpsm_serviceBox .wpsm_service-content p{\r\n\tcolor:#7f7f7f !important;\r\n\tfont-size: 19px !important;\r\n\tline-height:1.4 !important;\r\n\t\tfont-family:'Open Sans' !important;\r\n\t\tmargin-top:10px;\r\n\tmargin-bottom:0px;\r\n\t\r\n}\r\n#wpsm_service_b_row_71 .wpsm_serviceBox .wpsm_read{\r\n\tcolor: #4c4c4c !important;\r\n\tfont-size: 16px !important;\r\n\t\tfont-family:'Open Sans' !important;\r\n\t\ttext-decoration: none;\r\n\tborder-bottom: 1px solid;\r\n\t margin-top:15px;\r\n\t display: inline-block;\r\n}\r\n<\/style>\r\n\r\n\t\t\t\r\n\t\t\t\t<div class=\"wpsm_col-md-4 wpsm_col-sm-6\">\r\n                    <div class=\"wpsm_serviceBox\">\r\n\t\t\t\t\t\t                       \r\n\t\t\t\t\t\t\t<div class=\"wpsm_service-icon\">\r\n\t\t\t\t\t\t\t\t<i class=\"fa fa-expeditedssl\"><\/i>\r\n\t\t\t\t\t\t\t<\/div>\r\n\t\t\t\t\t\t                        <div class=\"wpsm_service-content\">\r\n                            <h3>TRANSPORTS SECURIS\u00c9S<\/h3>\r\n                            <p> Nous disposons d\u2019un parking cl\u00f4tur\u00e9 et \u00e9quip\u00e9 d\u2019un syst\u00e8me de vid\u00e9o-surveillance r\u00e9cent.\r\n\r\nL\u2019ensemble de nos chauffeurs disposent d\u2019un v\u00e9rrou haute s\u00e9curit\u00e9 et appliquent des consignes strictes afin de s\u00e9curiser la marchandise transport\u00e9e.<\/p>\r\n                            \t\t\t\t\t\t\t                        <\/div>\r\n                    <\/div>\r\n                <\/div>\r\n\r\n\t\t\t\t\r\n\t\t\t\t<div class=\"wpsm_col-md-4 wpsm_col-sm-6\">\r\n                    <div class=\"wpsm_serviceBox\">\r\n\t\t\t\t\t\t                       \r\n\t\t\t\t\t\t\t<div class=\"wpsm_service-icon\">\r\n\t\t\t\t\t\t\t\t<i class=\"fa fa-asterisk\"><\/i>\r\n\t\t\t\t\t\t\t<\/div>\r\n\t\t\t\t\t\t                        <div class=\"wpsm_service-content\">\r\n                            <h3>TRANSPORT SOUS TEMP\u00c9RATURE DIRIG\u00c9E<\/h3>\r\n                            <p> Gr\u00e2ce \u00e0 son mat\u00e9riel adapt\u00e9 et ses conducteurs form\u00e9s, les transports Valet-Joille vous propose la livraison ou l\u2019exp\u00e9dition de vos containers en temp\u00e9ratures positives ou n\u00e9gatives.\r\n\r\nNous d\u00e9tenons 20 g\u00e9n\u00e9ratrices, minutieusement entretenues par notre propre atelier m\u00e9canique.<\/p>\r\n                            \t\t\t\t\t\t\t                        <\/div>\r\n                    <\/div>\r\n                <\/div>\r\n\r\n\t\t\t\t\r\n\t\t\t\t<div class=\"wpsm_col-md-4 wpsm_col-sm-6\">\r\n                    <div class=\"wpsm_serviceBox\">\r\n\t\t\t\t\t\t                       \r\n\t\t\t\t\t\t\t<div class=\"wpsm_service-icon\">\r\n\t\t\t\t\t\t\t\t<i class=\"fa fa-exclamation-triangle\"><\/i>\r\n\t\t\t\t\t\t\t<\/div>\r\n\t\t\t\t\t\t                        <div class=\"wpsm_service-content\">\r\n                            <h3>TRANSPORT DE MATI\u00c8RES DANGEREUSES<\/h3>\r\n                            <p> Notre entreprise propose des solutions de transport de mati\u00e8res dangereuses soumises \u00e0 l\u2019 ADR.\r\n\r\nSuivant les conseils de notre expert \/ instructeur en securit\u00e9, nous vous garantissons l\u2019utilisation de mat\u00e9riel adapt\u00e9 et le recours \u00e0 un personnel continuellement form\u00e9 aux transports de marchandises dangereuses.<\/p>\r\n                            \t\t\t\t\t\t\t                        <\/div>\r\n                    <\/div>\r\n                <\/div>\r\n\r\n\t\t\t\t\t\t\t\t\t\t<\/div>\r\n\t\t\t\t\t\t<div class=\"wpsm_row\">\r\n\t\t\t\t\t\t\r\n\t\t\t\t<div class=\"wpsm_col-md-4 wpsm_col-sm-6\">\r\n                    <div class=\"wpsm_serviceBox\">\r\n\t\t\t\t\t\t                       \r\n\t\t\t\t\t\t\t<div class=\"wpsm_service-icon\">\r\n\t\t\t\t\t\t\t\t<i class=\"fa fa-hand-peace-o\"><\/i>\r\n\t\t\t\t\t\t\t<\/div>\r\n\t\t\t\t\t\t                        <div class=\"wpsm_service-content\">\r\n                            <h3>UNE QUALIT\u00c9 RECONNUE DEPUIS 1977<\/h3>\r\n                            <p> L\u2019ensemble de notre personnel partage nos valeurs bas\u00e9es sur la confiance, le service et la ponctualit\u00e9.\r\n\r\nUne qualit\u00e9 reconnue et appr\u00e9ci\u00e9e nous permettant aujourd\u2019hui de poursuivre de belles collaborations avec nos clients depuis plus de 40 ans.<\/p>\r\n                            \t\t\t\t\t\t\t                        <\/div>\r\n                    <\/div>\r\n                <\/div>\r\n\r\n\t\t\t\t    \r\n\r\n<\/div>\t   \t\t<\/div>\r\n\t\t\r\n\t\n\n\n\n<p><\/p>\n","protected":false},"excerpt":{"rendered":"","protected":false},"author":1,"featured_media":481,"parent":0,"menu_order":0,"comment_status":"closed","ping_status":"closed","template":"","meta":{"_monsterinsights_skip_tracking":false,"_monsterinsights_sitenote_active":false,"_monsterinsights_sitenote_note":"","_monsterinsights_sitenote_category":0,"footnotes":""},"class_list":["post-39","page","type-page","status-publish","has-post-thumbnail","hentry"],"yoast_head":"<!-- This site is optimized with the Yoast SEO plugin v24.6 - https:\/\/yoast.com\/wordpress\/plugins\/seo\/ -->\n<title>NOS SERVICES - Transports Valet Joille - Le Havre<\/title>\n<meta name=\"description\" content=\"Reliable Container Freight Transport \u2013 Transports Valet JoilleTransports Valet Joille specializes in container freight transport for international and domestic shipments. With a strong expertise in maritime logistics, we provide efficient, secure, and timely container transportation for businesses worldwide. Our tailored solutions cover port-to-door, door-to-port, and intermodal freight services.\ud83d\udd39 Fast &amp; Secure Container Shipping\ud83d\udd39 Global &amp; Domestic Freight Solutions\ud83d\udd39 Optimized Supply Chain LogisticsPartner with Transports Valet Joille for cost-effective and seamless container transport. Contact us today!\" \/>\n<meta name=\"robots\" content=\"index, follow, max-snippet:-1, max-image-preview:large, max-video-preview:-1\" \/>\n<link rel=\"canonical\" href=\"https:\/\/transportsvaletjoille.fr\/?page_id=39\" \/>\n<meta property=\"og:locale\" content=\"fr_FR\" \/>\n<meta property=\"og:type\" content=\"article\" \/>\n<meta property=\"og:title\" content=\"NOS SERVICES - Transports Valet Joille - Le Havre\" \/>\n<meta property=\"og:description\" content=\"Reliable Container Freight Transport \u2013 Transports Valet JoilleTransports Valet Joille specializes in container freight transport for international and domestic shipments. With a strong expertise in maritime logistics, we provide efficient, secure, and timely container transportation for businesses worldwide. Our tailored solutions cover port-to-door, door-to-port, and intermodal freight services.\ud83d\udd39 Fast &amp; Secure Container Shipping\ud83d\udd39 Global &amp; Domestic Freight Solutions\ud83d\udd39 Optimized Supply Chain LogisticsPartner with Transports Valet Joille for cost-effective and seamless container transport. Contact us today!\" \/>\n<meta property=\"og:url\" content=\"https:\/\/transportsvaletjoille.fr\/?page_id=39\" \/>\n<meta property=\"og:site_name\" content=\"Transports Valet Joille - Le Havre\" \/>\n<meta property=\"article:modified_time\" content=\"2025-03-10T12:57:32+00:00\" \/>\n<meta property=\"og:image\" content=\"https:\/\/transportsvaletjoille.fr\/wp-content\/uploads\/2025\/03\/cropped-20250227_105025_enhanced.jpg\" \/>\n\t<meta property=\"og:image:width\" content=\"2047\" \/>\n\t<meta property=\"og:image:height\" content=\"1087\" \/>\n\t<meta property=\"og:image:type\" content=\"image\/jpeg\" \/>\n<meta name=\"twitter:card\" content=\"summary_large_image\" \/>\n<meta name=\"twitter:label1\" content=\"Dur\u00e9e de lecture estim\u00e9e\" \/>\n\t<meta name=\"twitter:data1\" content=\"1 minute\" \/>\n<script type=\"application\/ld+json\" class=\"yoast-schema-graph\">{\"@context\":\"https:\/\/schema.org\",\"@graph\":[{\"@type\":\"WebPage\",\"@id\":\"https:\/\/transportsvaletjoille.fr\/?page_id=39\",\"url\":\"https:\/\/transportsvaletjoille.fr\/?page_id=39\",\"name\":\"NOS SERVICES - Transports Valet Joille - Le Havre\",\"isPartOf\":{\"@id\":\"https:\/\/transportsvaletjoille.fr\/#website\"},\"primaryImageOfPage\":{\"@id\":\"https:\/\/transportsvaletjoille.fr\/?page_id=39#primaryimage\"},\"image\":{\"@id\":\"https:\/\/transportsvaletjoille.fr\/?page_id=39#primaryimage\"},\"thumbnailUrl\":\"https:\/\/transportsvaletjoille.fr\/wp-content\/uploads\/2025\/03\/cropped-20250227_105025_enhanced.jpg\",\"datePublished\":\"2019-05-05T17:22:33+00:00\",\"dateModified\":\"2025-03-10T12:57:32+00:00\",\"description\":\"Reliable Container Freight Transport \u2013 Transports Valet JoilleTransports Valet Joille specializes in container freight transport for international and domestic shipments. With a strong expertise in maritime logistics, we provide efficient, secure, and timely container transportation for businesses worldwide. Our tailored solutions cover port-to-door, door-to-port, and intermodal freight services.\ud83d\udd39 Fast & Secure Container Shipping\ud83d\udd39 Global & Domestic Freight Solutions\ud83d\udd39 Optimized Supply Chain LogisticsPartner with Transports Valet Joille for cost-effective and seamless container transport. Contact us today!\",\"breadcrumb\":{\"@id\":\"https:\/\/transportsvaletjoille.fr\/?page_id=39#breadcrumb\"},\"inLanguage\":\"fr-FR\",\"potentialAction\":[{\"@type\":\"ReadAction\",\"target\":[\"https:\/\/transportsvaletjoille.fr\/?page_id=39\"]}]},{\"@type\":\"ImageObject\",\"inLanguage\":\"fr-FR\",\"@id\":\"https:\/\/transportsvaletjoille.fr\/?page_id=39#primaryimage\",\"url\":\"https:\/\/transportsvaletjoille.fr\/wp-content\/uploads\/2025\/03\/cropped-20250227_105025_enhanced.jpg\",\"contentUrl\":\"https:\/\/transportsvaletjoille.fr\/wp-content\/uploads\/2025\/03\/cropped-20250227_105025_enhanced.jpg\",\"width\":2047,\"height\":1087,\"caption\":\"Reliable Container Freight Transport \u2013 Transports Valet Joille Transports Valet Joille specializes in container freight transport for international and domestic shipments. With a strong expertise in maritime logistics, we provide efficient, secure, and timely container transportation for businesses worldwide. Our tailored solutions cover port-to-door, door-to-port, and intermodal freight services. \ud83d\udd39 Fast & Secure Container Shipping \ud83d\udd39 Global & Domestic Freight Solutions \ud83d\udd39 Optimized Supply Chain Logistics Partner with Transports Valet Joille for cost-effective and seamless container transport. Contact us today!\"},{\"@type\":\"BreadcrumbList\",\"@id\":\"https:\/\/transportsvaletjoille.fr\/?page_id=39#breadcrumb\",\"itemListElement\":[{\"@type\":\"ListItem\",\"position\":1,\"name\":\"Accueil\",\"item\":\"https:\/\/transportsvaletjoille.fr\/\"},{\"@type\":\"ListItem\",\"position\":2,\"name\":\"NOS SERVICES\"}]},{\"@type\":\"WebSite\",\"@id\":\"https:\/\/transportsvaletjoille.fr\/#website\",\"url\":\"https:\/\/transportsvaletjoille.fr\/\",\"name\":\"Transports Valet Joille - Le Havre\",\"description\":\"Transport de conteneurs maritimes\",\"publisher\":{\"@id\":\"https:\/\/transportsvaletjoille.fr\/#organization\"},\"potentialAction\":[{\"@type\":\"SearchAction\",\"target\":{\"@type\":\"EntryPoint\",\"urlTemplate\":\"https:\/\/transportsvaletjoille.fr\/?s={search_term_string}\"},\"query-input\":{\"@type\":\"PropertyValueSpecification\",\"valueRequired\":true,\"valueName\":\"search_term_string\"}}],\"inLanguage\":\"fr-FR\"},{\"@type\":\"Organization\",\"@id\":\"https:\/\/transportsvaletjoille.fr\/#organization\",\"name\":\"Transports Valet Joille\",\"url\":\"https:\/\/transportsvaletjoille.fr\/\",\"logo\":{\"@type\":\"ImageObject\",\"inLanguage\":\"fr-FR\",\"@id\":\"https:\/\/transportsvaletjoille.fr\/#\/schema\/logo\/image\/\",\"url\":\"https:\/\/transportsvaletjoille.fr\/wp-content\/uploads\/2019\/07\/LOGO-VJ-LAST-LAST-09.07-v2.png\",\"contentUrl\":\"https:\/\/transportsvaletjoille.fr\/wp-content\/uploads\/2019\/07\/LOGO-VJ-LAST-LAST-09.07-v2.png\",\"width\":1280,\"height\":385,\"caption\":\"Transports Valet Joille\"},\"image\":{\"@id\":\"https:\/\/transportsvaletjoille.fr\/#\/schema\/logo\/image\/\"}}]}<\/script>\n<!-- \/ Yoast SEO plugin. -->","yoast_head_json":{"title":"NOS SERVICES - Transports Valet Joille - Le Havre","description":"Reliable Container Freight Transport \u2013 Transports Valet JoilleTransports Valet Joille specializes in container freight transport for international and domestic shipments. With a strong expertise in maritime logistics, we provide efficient, secure, and timely container transportation for businesses worldwide. Our tailored solutions cover port-to-door, door-to-port, and intermodal freight services.\ud83d\udd39 Fast & Secure Container Shipping\ud83d\udd39 Global & Domestic Freight Solutions\ud83d\udd39 Optimized Supply Chain LogisticsPartner with Transports Valet Joille for cost-effective and seamless container transport. Contact us today!","robots":{"index":"index","follow":"follow","max-snippet":"max-snippet:-1","max-image-preview":"max-image-preview:large","max-video-preview":"max-video-preview:-1"},"canonical":"https:\/\/transportsvaletjoille.fr\/?page_id=39","og_locale":"fr_FR","og_type":"article","og_title":"NOS SERVICES - Transports Valet Joille - Le Havre","og_description":"Reliable Container Freight Transport \u2013 Transports Valet JoilleTransports Valet Joille specializes in container freight transport for international and domestic shipments. With a strong expertise in maritime logistics, we provide efficient, secure, and timely container transportation for businesses worldwide. Our tailored solutions cover port-to-door, door-to-port, and intermodal freight services.\ud83d\udd39 Fast & Secure Container Shipping\ud83d\udd39 Global & Domestic Freight Solutions\ud83d\udd39 Optimized Supply Chain LogisticsPartner with Transports Valet Joille for cost-effective and seamless container transport. Contact us today!","og_url":"https:\/\/transportsvaletjoille.fr\/?page_id=39","og_site_name":"Transports Valet Joille - Le Havre","article_modified_time":"2025-03-10T12:57:32+00:00","og_image":[{"width":2047,"height":1087,"url":"https:\/\/transportsvaletjoille.fr\/wp-content\/uploads\/2025\/03\/cropped-20250227_105025_enhanced.jpg","type":"image\/jpeg"}],"twitter_card":"summary_large_image","twitter_misc":{"Dur\u00e9e de lecture estim\u00e9e":"1 minute"},"schema":{"@context":"https:\/\/schema.org","@graph":[{"@type":"WebPage","@id":"https:\/\/transportsvaletjoille.fr\/?page_id=39","url":"https:\/\/transportsvaletjoille.fr\/?page_id=39","name":"NOS SERVICES - Transports Valet Joille - Le Havre","isPartOf":{"@id":"https:\/\/transportsvaletjoille.fr\/#website"},"primaryImageOfPage":{"@id":"https:\/\/transportsvaletjoille.fr\/?page_id=39#primaryimage"},"image":{"@id":"https:\/\/transportsvaletjoille.fr\/?page_id=39#primaryimage"},"thumbnailUrl":"https:\/\/transportsvaletjoille.fr\/wp-content\/uploads\/2025\/03\/cropped-20250227_105025_enhanced.jpg","datePublished":"2019-05-05T17:22:33+00:00","dateModified":"2025-03-10T12:57:32+00:00","description":"Reliable Container Freight Transport \u2013 Transports Valet JoilleTransports Valet Joille specializes in container freight transport for international and domestic shipments. With a strong expertise in maritime logistics, we provide efficient, secure, and timely container transportation for businesses worldwide. Our tailored solutions cover port-to-door, door-to-port, and intermodal freight services.\ud83d\udd39 Fast & Secure Container Shipping\ud83d\udd39 Global & Domestic Freight Solutions\ud83d\udd39 Optimized Supply Chain LogisticsPartner with Transports Valet Joille for cost-effective and seamless container transport. Contact us today!","breadcrumb":{"@id":"https:\/\/transportsvaletjoille.fr\/?page_id=39#breadcrumb"},"inLanguage":"fr-FR","potentialAction":[{"@type":"ReadAction","target":["https:\/\/transportsvaletjoille.fr\/?page_id=39"]}]},{"@type":"ImageObject","inLanguage":"fr-FR","@id":"https:\/\/transportsvaletjoille.fr\/?page_id=39#primaryimage","url":"https:\/\/transportsvaletjoille.fr\/wp-content\/uploads\/2025\/03\/cropped-20250227_105025_enhanced.jpg","contentUrl":"https:\/\/transportsvaletjoille.fr\/wp-content\/uploads\/2025\/03\/cropped-20250227_105025_enhanced.jpg","width":2047,"height":1087,"caption":"Reliable Container Freight Transport \u2013 Transports Valet Joille Transports Valet Joille specializes in container freight transport for international and domestic shipments. With a strong expertise in maritime logistics, we provide efficient, secure, and timely container transportation for businesses worldwide. Our tailored solutions cover port-to-door, door-to-port, and intermodal freight services. \ud83d\udd39 Fast & Secure Container Shipping \ud83d\udd39 Global & Domestic Freight Solutions \ud83d\udd39 Optimized Supply Chain Logistics Partner with Transports Valet Joille for cost-effective and seamless container transport. Contact us today!"},{"@type":"BreadcrumbList","@id":"https:\/\/transportsvaletjoille.fr\/?page_id=39#breadcrumb","itemListElement":[{"@type":"ListItem","position":1,"name":"Accueil","item":"https:\/\/transportsvaletjoille.fr\/"},{"@type":"ListItem","position":2,"name":"NOS SERVICES"}]},{"@type":"WebSite","@id":"https:\/\/transportsvaletjoille.fr\/#website","url":"https:\/\/transportsvaletjoille.fr\/","name":"Transports Valet Joille - Le Havre","description":"Transport de conteneurs maritimes","publisher":{"@id":"https:\/\/transportsvaletjoille.fr\/#organization"},"potentialAction":[{"@type":"SearchAction","target":{"@type":"EntryPoint","urlTemplate":"https:\/\/transportsvaletjoille.fr\/?s={search_term_string}"},"query-input":{"@type":"PropertyValueSpecification","valueRequired":true,"valueName":"search_term_string"}}],"inLanguage":"fr-FR"},{"@type":"Organization","@id":"https:\/\/transportsvaletjoille.fr\/#organization","name":"Transports Valet Joille","url":"https:\/\/transportsvaletjoille.fr\/","logo":{"@type":"ImageObject","inLanguage":"fr-FR","@id":"https:\/\/transportsvaletjoille.fr\/#\/schema\/logo\/image\/","url":"https:\/\/transportsvaletjoille.fr\/wp-content\/uploads\/2019\/07\/LOGO-VJ-LAST-LAST-09.07-v2.png","contentUrl":"https:\/\/transportsvaletjoille.fr\/wp-content\/uploads\/2019\/07\/LOGO-VJ-LAST-LAST-09.07-v2.png","width":1280,"height":385,"caption":"Transports Valet Joille"},"image":{"@id":"https:\/\/transportsvaletjoille.fr\/#\/schema\/logo\/image\/"}}]}},"_links":{"self":[{"href":"https:\/\/transportsvaletjoille.fr\/index.php?rest_route=\/wp\/v2\/pages\/39","targetHints":{"allow":["GET"]}}],"collection":[{"href":"https:\/\/transportsvaletjoille.fr\/index.php?rest_route=\/wp\/v2\/pages"}],"about":[{"href":"https:\/\/transportsvaletjoille.fr\/index.php?rest_route=\/wp\/v2\/types\/page"}],"author":[{"embeddable":true,"href":"https:\/\/transportsvaletjoille.fr\/index.php?rest_route=\/wp\/v2\/users\/1"}],"replies":[{"embeddable":true,"href":"https:\/\/transportsvaletjoille.fr\/index.php?rest_route=%2Fwp%2Fv2%2Fcomments&post=39"}],"version-history":[{"count":3,"href":"https:\/\/transportsvaletjoille.fr\/index.php?rest_route=\/wp\/v2\/pages\/39\/revisions"}],"predecessor-version":[{"id":73,"href":"https:\/\/transportsvaletjoille.fr\/index.php?rest_route=\/wp\/v2\/pages\/39\/revisions\/73"}],"wp:featuredmedia":[{"embeddable":true,"href":"https:\/\/transportsvaletjoille.fr\/index.php?rest_route=\/wp\/v2\/media\/481"}],"wp:attachment":[{"href":"https:\/\/transportsvaletjoille.fr\/index.php?rest_route=%2Fwp%2Fv2%2Fmedia&parent=39"}],"curies":[{"name":"wp","href":"https:\/\/api.w.org\/{rel}","templated":true}]}}